{"id":202,"date":"2025-11-12T03:35:26","date_gmt":"2025-11-12T03:35:26","guid":{"rendered":"https:\/\/ikonebeauty.ca\/?page_id=202"},"modified":"2026-01-09T20:51:50","modified_gmt":"2026-01-10T01:51:50","slug":"rendez-vous","status":"publish","type":"page","link":"https:\/\/ikonebeauty.ca\/fr\/rendez-vous\/","title":{"rendered":"prendre rendez-vous | iK\u00f4ne Beauty Gatineau"},"content":{"rendered":"<div data-elementor-type=\"wp-page\" data-elementor-id=\"202\" class=\"elementor elementor-202\" data-elementor-post-type=\"page\">\n\t\t\t\t\t\t<section class=\"elementor-section elementor-top-section elementor-element elementor-element-ccbabfc elementor-section-height-min-height elementor-section-boxed elementor-section-height-default elementor-section-items-middle\" data-id=\"ccbabfc\" data-element_type=\"section\" data-e-type=\"section\" data-settings=\"{&quot;background_background&quot;:&quot;classic&quot;}\">\n\t\t\t\t\t\t\t<div class=\"elementor-background-overlay\"><\/div>\n\t\t\t\t\t\t\t<div class=\"elementor-container elementor-column-gap-default\">\n\t\t\t\t\t<div class=\"elementor-column elementor-col-100 elementor-top-column elementor-element elementor-element-36a1ed6d\" data-id=\"36a1ed6d\" data-element_type=\"column\" data-e-type=\"column\">\n\t\t\t<div class=\"elementor-widget-wrap elementor-element-populated\">\n\t\t\t\t\t\t<div class=\"elementor-element elementor-element-1e73fbdb elementor-invisible elementor-widget elementor-widget-heading\" data-id=\"1e73fbdb\" data-element_type=\"widget\" data-e-type=\"widget\" data-settings=\"{&quot;_animation&quot;:&quot;fadeIn&quot;}\" data-widget_type=\"heading.default\">\n\t\t\t\t\t<h2 class=\"elementor-heading-title elementor-size-default\">Prendre rendez-vous<\/h2>\t\t\t\t<\/div>\n\t\t\t\t<div class=\"elementor-element elementor-element-571426e6 elementor-icon-list--layout-inline elementor-align-center elementor-list-item-link-full_width elementor-invisible elementor-widget elementor-widget-icon-list\" data-id=\"571426e6\" data-element_type=\"widget\" data-e-type=\"widget\" data-settings=\"{&quot;_animation&quot;:&quot;fadeIn&quot;,&quot;_animation_delay&quot;:200}\" data-widget_type=\"icon-list.default\">\n\t\t\t\t\t\t\t<ul class=\"elementor-icon-list-items elementor-inline-items\">\n\t\t\t\t\t\t\t<li class=\"elementor-icon-list-item elementor-inline-item\">\n\t\t\t\t\t\t\t\t\t\t\t<a href=\"#\">\n\n\t\t\t\t\t\t\t\t\t\t\t<span class=\"elementor-icon-list-text\">Accueil<\/span>\n\t\t\t\t\t\t\t\t\t\t\t<\/a>\n\t\t\t\t\t\t\t\t\t<\/li>\n\t\t\t\t\t\t\t\t<li class=\"elementor-icon-list-item elementor-inline-item\">\n\t\t\t\t\t\t\t\t\t\t\t<a href=\"#\">\n\n\t\t\t\t\t\t\t\t\t\t\t\t<span class=\"elementor-icon-list-icon\">\n\t\t\t\t\t\t\t<i aria-hidden=\"true\" class=\"icon icon-right-arrow\"><\/i>\t\t\t\t\t\t<\/span>\n\t\t\t\t\t\t\t\t\t\t<span class=\"elementor-icon-list-text\">Rendez-vous<\/span>\n\t\t\t\t\t\t\t\t\t\t\t<\/a>\n\t\t\t\t\t\t\t\t\t<\/li>\n\t\t\t\t\t\t<\/ul>\n\t\t\t\t\t\t<\/div>\n\t\t\t\t\t<\/div>\n\t\t<\/div>\n\t\t\t\t\t<\/div>\n\t\t<\/section>\n\t\t<div class=\"elementor-element elementor-element-b320d24 e-con-full e-flex e-con e-parent\" data-id=\"b320d24\" data-element_type=\"container\" data-e-type=\"container\">\n\t\t\t\t<div class=\"elementor-element elementor-element-9ad52ae elementor-widget elementor-widget-text-editor\" data-id=\"9ad52ae\" data-element_type=\"widget\" data-e-type=\"widget\" data-widget_type=\"text-editor.default\">\n\t\t\t\t\t\t\t\t\t<p>Deux contre-indications importantes pour le traitement : <strong>ne pas \u00eatre en menstrues et ne pas porter de st\u00e9rilet en cuivre<\/strong>.<\/p><p><strong>Les e-mails de confirmation de r\u00e9servation peuvent arriver dans vos courriers ind\u00e9sirables ou spam.<\/strong><\/p>\t\t\t\t\t\t\t\t<\/div>\n\t\t\t\t<\/div>\n\t\t<div class=\"elementor-element elementor-element-e3320e8 e-flex e-con-boxed e-con e-parent\" data-id=\"e3320e8\" data-element_type=\"container\" data-e-type=\"container\">\n\t\t\t\t\t<div class=\"e-con-inner\">\n\t\t\t\t<div class=\"elementor-element elementor-element-4917c16 elementor-widget elementor-widget-shortcode\" data-id=\"4917c16\" data-element_type=\"widget\" data-e-type=\"widget\" data-widget_type=\"shortcode.default\">\n\t\t\t\t\t\t\t<div class=\"elementor-shortcode\"><div class=\"latepoint-book-form-wrapper os-loading os_init_booking_form\" id=\"latepointBookForm_69d0431e23845\" >\n\t\t\t\t\t\t<div class=\"latepoint-w latepoint-inline-form latepoint-show-side-panel\">\n\t\t\t\t\t\t\t<div class=\"latepoint-booking-form-element\">\n\t\t\t\t\t\t\t\t<div class=\"latepoint-side-panel\"><\/div>\n\t\t\t\t\t\t\t\t<div class=\"latepoint-form-w\"><\/div>\n\t\t\t\t\t\t\t<\/div>\n\t\t\t\t\t\t<\/div>\n\t\t\t\t\t<\/div><\/div>\n\t\t\t\t\t\t<\/div>\n\t\t\t\t\t<\/div>\n\t\t\t\t<\/div>\n\t\t\t\t<section class=\"elementor-section elementor-top-section elementor-element elementor-element-2b065b12 elementor-reverse-mobile elementor-reverse-tablet elementor-section-boxed elementor-section-height-default elementor-section-height-default\" data-id=\"2b065b12\" data-element_type=\"section\" data-e-type=\"section\">\n\t\t\t\t\t\t<div class=\"elementor-container elementor-column-gap-default\">\n\t\t\t\t\t<div class=\"elementor-column elementor-col-100 elementor-top-column elementor-element elementor-element-486d2a83\" data-id=\"486d2a83\" data-element_type=\"column\" data-e-type=\"column\">\n\t\t\t<div class=\"elementor-widget-wrap elementor-element-populated\">\n\t\t\t\t\t\t<div class=\"elementor-element elementor-element-75dcda31 elementor-invisible elementor-widget elementor-widget-text-editor\" data-id=\"75dcda31\" data-element_type=\"widget\" data-e-type=\"widget\" data-settings=\"{&quot;_animation&quot;:&quot;fadeIn&quot;}\" data-widget_type=\"text-editor.default\">\n\t\t\t\t\t\t\t\t\t<p>Rendez-vous<\/p>\t\t\t\t\t\t\t\t<\/div>\n\t\t\t\t<div class=\"elementor-element elementor-element-b1fb68 elementor-invisible elementor-widget elementor-widget-heading\" data-id=\"b1fb68\" data-element_type=\"widget\" data-e-type=\"widget\" data-settings=\"{&quot;_animation&quot;:&quot;fadeIn&quot;,&quot;_animation_delay&quot;:200}\" data-widget_type=\"heading.default\">\n\t\t\t\t\t<h2 class=\"elementor-heading-title elementor-size-default\">Prendre rendez-vous<\/h2>\t\t\t\t<\/div>\n\t\t\t\t<div class=\"elementor-element elementor-element-5cf4073 elementor-widget elementor-widget-text-editor\" data-id=\"5cf4073\" data-element_type=\"widget\" data-e-type=\"widget\" data-widget_type=\"text-editor.default\">\n\t\t\t\t\t\t\t\t\t<p>Les services sont offerts sur rendez-vous seulement. R\u00e9servez le v\u00f4tre d\u00e8s aujourd'hui !<\/p>\t\t\t\t\t\t\t\t<\/div>\n\t\t\t\t<div class=\"elementor-element elementor-element-4085e4b8 elementor-invisible elementor-widget elementor-widget-heading\" data-id=\"4085e4b8\" data-element_type=\"widget\" data-e-type=\"widget\" data-settings=\"{&quot;_animation&quot;:&quot;fadeIn&quot;,&quot;_animation_delay&quot;:600}\" data-widget_type=\"heading.default\">\n\t\t\t\t\t<h3 class=\"elementor-heading-title elementor-size-default\">Heures d'ouverture<\/h3>\t\t\t\t<\/div>\n\t\t\t\t<section class=\"elementor-section elementor-inner-section elementor-element elementor-element-425aed05 elementor-section-boxed elementor-section-height-default elementor-section-height-default elementor-invisible\" data-id=\"425aed05\" data-element_type=\"section\" data-e-type=\"section\" data-settings=\"{&quot;animation&quot;:&quot;fadeIn&quot;,&quot;animation_delay&quot;:700}\">\n\t\t\t\t\t\t<div class=\"elementor-container elementor-column-gap-default\">\n\t\t\t\t\t<div class=\"elementor-column elementor-col-100 elementor-inner-column elementor-element elementor-element-266909d3\" data-id=\"266909d3\" data-element_type=\"column\" data-e-type=\"column\">\n\t\t\t<div class=\"elementor-widget-wrap elementor-element-populated\">\n\t\t\t\t\t\t<div class=\"elementor-element elementor-element-52025cf6 elementor-widget__width-auto elementor-widget elementor-widget-text-editor\" data-id=\"52025cf6\" data-element_type=\"widget\" data-e-type=\"widget\" data-widget_type=\"text-editor.default\">\n\t\t\t\t\t\t\t\t\t<p>Du lundi au vendredi<\/p>\t\t\t\t\t\t\t\t<\/div>\n\t\t\t\t<div class=\"elementor-element elementor-element-3e94c470 elementor-widget__width-auto elementor-widget elementor-widget-elementskit-header-info\" data-id=\"3e94c470\" data-element_type=\"widget\" data-e-type=\"widget\" data-widget_type=\"elementskit-header-info.default\">\n\t\t\t\t\t<div class=\"ekit-wid-con\" >        <ul class=\"ekit-header-info\">\n                                    <li>\n                            <a > \n                                <svg aria-hidden=\"true\" class=\"e-font-icon-svg e-fas-clock\" viewbox=\"0 0 512 512\" xmlns=\"http:\/\/www.w3.org\/2000\/svg\"><path d=\"M256,8C119,8,8,119,8,256S119,504,256,504,504,393,504,256,393,8,256,8Zm92.49,313h0l-20,25a16,16,0,0,1-22.49,2.5h0l-67-49.72a40,40,0,0,1-15-31.23V112a16,16,0,0,1,16-16h32a16,16,0,0,1,16,16V256l58,42.5A16,16,0,0,1,348.49,321Z\"><\/path><\/svg>                                17.30 - 22.30                            <\/a>\n                        <\/li>\n\n                            <\/ul>\n        <\/div>\t\t\t\t<\/div>\n\t\t\t\t<div class=\"elementor-element elementor-element-3b4f94c6 elementor-widget-divider--view-line elementor-widget elementor-widget-divider\" data-id=\"3b4f94c6\" data-element_type=\"widget\" data-e-type=\"widget\" data-widget_type=\"divider.default\">\n\t\t\t\t\t\t\t<div class=\"elementor-divider\">\n\t\t\t<span class=\"elementor-divider-separator\">\n\t\t\t\t\t\t<\/span>\n\t\t<\/div>\n\t\t\t\t\t\t<\/div>\n\t\t\t\t<div class=\"elementor-element elementor-element-534519c8 elementor-widget__width-auto elementor-widget elementor-widget-text-editor\" data-id=\"534519c8\" data-element_type=\"widget\" data-e-type=\"widget\" data-widget_type=\"text-editor.default\">\n\t\t\t\t\t\t\t\t\t<p>Samedi<\/p>\t\t\t\t\t\t\t\t<\/div>\n\t\t\t\t<div class=\"elementor-element elementor-element-4cc09f5a elementor-widget__width-auto elementor-widget elementor-widget-elementskit-header-info\" data-id=\"4cc09f5a\" data-element_type=\"widget\" data-e-type=\"widget\" data-widget_type=\"elementskit-header-info.default\">\n\t\t\t\t\t<div class=\"ekit-wid-con\" >        <ul class=\"ekit-header-info\">\n                                    <li>\n                            <a > \n                                <svg aria-hidden=\"true\" class=\"e-font-icon-svg e-fas-clock\" viewbox=\"0 0 512 512\" xmlns=\"http:\/\/www.w3.org\/2000\/svg\"><path d=\"M256,8C119,8,8,119,8,256S119,504,256,504,504,393,504,256,393,8,256,8Zm92.49,313h0l-20,25a16,16,0,0,1-22.49,2.5h0l-67-49.72a40,40,0,0,1-15-31.23V112a16,16,0,0,1,16-16h32a16,16,0,0,1,16,16V256l58,42.5A16,16,0,0,1,348.49,321Z\"><\/path><\/svg>                                10H00 - 18H00                            <\/a>\n                        <\/li>\n\n                            <\/ul>\n        <\/div>\t\t\t\t<\/div>\n\t\t\t\t<div class=\"elementor-element elementor-element-46dd0de7 elementor-widget-divider--view-line elementor-widget elementor-widget-divider\" data-id=\"46dd0de7\" data-element_type=\"widget\" data-e-type=\"widget\" data-widget_type=\"divider.default\">\n\t\t\t\t\t\t\t<div class=\"elementor-divider\">\n\t\t\t<span class=\"elementor-divider-separator\">\n\t\t\t\t\t\t<\/span>\n\t\t<\/div>\n\t\t\t\t\t\t<\/div>\n\t\t\t\t<div class=\"elementor-element elementor-element-386e0123 elementor-widget__width-auto elementor-widget elementor-widget-text-editor\" data-id=\"386e0123\" data-element_type=\"widget\" data-e-type=\"widget\" data-widget_type=\"text-editor.default\">\n\t\t\t\t\t\t\t\t\t<p>Dimanche<\/p>\t\t\t\t\t\t\t\t<\/div>\n\t\t\t\t<div class=\"elementor-element elementor-element-77f35416 elementor-widget__width-auto elementor-widget elementor-widget-elementskit-header-info\" data-id=\"77f35416\" data-element_type=\"widget\" data-e-type=\"widget\" data-widget_type=\"elementskit-header-info.default\">\n\t\t\t\t\t<div class=\"ekit-wid-con\" >        <ul class=\"ekit-header-info\">\n                                    <li>\n                            <a > \n                                <svg aria-hidden=\"true\" class=\"e-font-icon-svg e-fas-clock\" viewbox=\"0 0 512 512\" xmlns=\"http:\/\/www.w3.org\/2000\/svg\"><path d=\"M256,8C119,8,8,119,8,256S119,504,256,504,504,393,504,256,393,8,256,8Zm92.49,313h0l-20,25a16,16,0,0,1-22.49,2.5h0l-67-49.72a40,40,0,0,1-15-31.23V112a16,16,0,0,1,16-16h32a16,16,0,0,1,16,16V256l58,42.5A16,16,0,0,1,348.49,321Z\"><\/path><\/svg>                                10H00 - 18H00                            <\/a>\n                        <\/li>\n\n                            <\/ul>\n        <\/div>\t\t\t\t<\/div>\n\t\t\t\t\t<\/div>\n\t\t<\/div>\n\t\t\t\t\t<\/div>\n\t\t<\/section>\n\t\t\t\t<section class=\"elementor-section elementor-inner-section elementor-element elementor-element-35671a62 elementor-section-boxed elementor-section-height-default elementor-section-height-default elementor-invisible\" data-id=\"35671a62\" data-element_type=\"section\" data-e-type=\"section\" data-settings=\"{&quot;animation&quot;:&quot;fadeIn&quot;,&quot;animation_delay&quot;:900}\">\n\t\t\t\t\t\t<div class=\"elementor-container elementor-column-gap-default\">\n\t\t\t\t\t<div class=\"elementor-column elementor-col-50 elementor-inner-column elementor-element elementor-element-83bc323\" data-id=\"83bc323\" data-element_type=\"column\" data-e-type=\"column\">\n\t\t\t<div class=\"elementor-widget-wrap elementor-element-populated\">\n\t\t\t\t\t\t<div class=\"elementor-element elementor-element-4141673 elementor-widget elementor-widget-text-editor\" data-id=\"4141673\" data-element_type=\"widget\" data-e-type=\"widget\" data-widget_type=\"text-editor.default\">\n\t\t\t\t\t\t\t\t\t<p><strong>APPELEZ-NOUS<\/strong><\/p>\t\t\t\t\t\t\t\t<\/div>\n\t\t\t\t<div class=\"elementor-element elementor-element-fa49487 elementor-widget elementor-widget-text-editor\" data-id=\"fa49487\" data-element_type=\"widget\" data-e-type=\"widget\" data-widget_type=\"text-editor.default\">\n\t\t\t\t\t\t\t\t\t<p>+1 873-455-3448<\/p>\t\t\t\t\t\t\t\t<\/div>\n\t\t\t\t\t<\/div>\n\t\t<\/div>\n\t\t\t\t<div class=\"elementor-column elementor-col-50 elementor-inner-column elementor-element elementor-element-73d4ce6\" data-id=\"73d4ce6\" data-element_type=\"column\" data-e-type=\"column\">\n\t\t\t<div class=\"elementor-widget-wrap elementor-element-populated\">\n\t\t\t\t\t\t<div class=\"elementor-element elementor-element-39d8708b elementor-widget elementor-widget-text-editor\" data-id=\"39d8708b\" data-element_type=\"widget\" data-e-type=\"widget\" data-widget_type=\"text-editor.default\">\n\t\t\t\t\t\t\t\t\t<p><strong>Envoyez nous un courriel<\/strong><\/p>\t\t\t\t\t\t\t\t<\/div>\n\t\t\t\t<div class=\"elementor-element elementor-element-391fec67 elementor-widget elementor-widget-text-editor\" data-id=\"391fec67\" data-element_type=\"widget\" data-e-type=\"widget\" data-widget_type=\"text-editor.default\">\n\t\t\t\t\t\t\t\t\t<p>info@ikonebeauty.ca<\/p>\t\t\t\t\t\t\t\t<\/div>\n\t\t\t\t\t<\/div>\n\t\t<\/div>\n\t\t\t\t\t<\/div>\n\t\t<\/section>\n\t\t\t\t\t<\/div>\n\t\t<\/div>\n\t\t\t\t\t<\/div>\n\t\t<\/section>\n\t\t\t\t<\/div>\n\t\t\n    <div class=\"xs_social_share_widget xs_share_url after_content \t\tmain_content  wslu-style-1 wslu-share-box-shaped wslu-fill-colored wslu-none wslu-share-horizontal wslu-theme-font-no wslu-main_content\">\n\n\t\t\n        <ul>\n\t\t\t        <\/ul>\n    <\/div>","protected":false},"excerpt":{"rendered":"<p>Make Appointment Home Appointment Two important contraindications for treatment: not menstruating and not wearing a copper IUD. Booking confirmation emails can get into your spam or junk mails. Appointment Book Your Appointment Services are based on appointment only. Book yours Today! Opening Hours Monday &#8211; Friday 17.30 AM &#8211; 22.30 PM Saturday 10.00 AM &#8211; [&hellip;]<\/p>\n","protected":false},"author":1,"featured_media":0,"parent":0,"menu_order":0,"comment_status":"closed","ping_status":"closed","template":"elementor_header_footer","meta":{"footnotes":""},"class_list":["post-202","page","type-page","status-publish","hentry"],"yoast_head":"<!-- This site is optimized with the Yoast SEO plugin v27.2 - https:\/\/yoast.com\/product\/yoast-seo-wordpress\/ -->\n<title>prendre rendez-vous | iK\u00f4ne Beauty Gatineau - ikonebeauty<\/title>\n<meta name=\"description\" content=\"Pr\u00eate \u00e0 sculpter votre silhouette ? Il est facile de prendre rendez-vous chez iK\u00f4ne Beauty \u00e0 Gatineau. Choisissez votre soin et r\u00e9servez votre plage horaire !\" \/>\n<meta name=\"robots\" content=\"index, follow, max-snippet:-1, max-image-preview:large, max-video-preview:-1\" \/>\n<link rel=\"canonical\" href=\"https:\/\/ikonebeauty.ca\/fr\/rendez-vous\/\" \/>\n<meta property=\"og:locale\" content=\"fr_CA\" \/>\n<meta property=\"og:type\" content=\"article\" \/>\n<meta property=\"og:title\" content=\"prendre rendez-vous | iK\u00f4ne Beauty Gatineau - ikonebeauty\" \/>\n<meta property=\"og:description\" content=\"Pr\u00eate \u00e0 sculpter votre silhouette ? Il est facile de prendre rendez-vous chez iK\u00f4ne Beauty \u00e0 Gatineau. Choisissez votre soin et r\u00e9servez votre plage horaire !\" \/>\n<meta property=\"og:url\" content=\"https:\/\/ikonebeauty.ca\/fr\/rendez-vous\/\" \/>\n<meta property=\"og:site_name\" content=\"ikonebeauty\" \/>\n<meta property=\"article:modified_time\" content=\"2026-01-10T01:51:50+00:00\" \/>\n<meta name=\"twitter:card\" content=\"summary_large_image\" \/>\n<meta name=\"twitter:label1\" content=\"Estimation du temps de lecture\" \/>\n\t<meta name=\"twitter:data1\" content=\"1 minute\" \/>\n<script type=\"application\/ld+json\" class=\"yoast-schema-graph\">{\"@context\":\"https:\/\/schema.org\",\"@graph\":[{\"@type\":\"WebPage\",\"@id\":\"https:\/\/ikonebeauty.ca\/appointment\/\",\"url\":\"https:\/\/ikonebeauty.ca\/appointment\/\",\"name\":\"prendre rendez-vous | iK\u00f4ne Beauty Gatineau - ikonebeauty\",\"isPartOf\":{\"@id\":\"https:\/\/ikonebeauty.ca\/#website\"},\"datePublished\":\"2025-11-12T03:35:26+00:00\",\"dateModified\":\"2026-01-10T01:51:50+00:00\",\"description\":\"Pr\u00eate \u00e0 sculpter votre silhouette ? Il est facile de prendre rendez-vous chez iK\u00f4ne Beauty \u00e0 Gatineau. Choisissez votre soin et r\u00e9servez votre plage horaire !\",\"breadcrumb\":{\"@id\":\"https:\/\/ikonebeauty.ca\/appointment\/#breadcrumb\"},\"inLanguage\":\"fr-CA\",\"potentialAction\":[{\"@type\":\"ReadAction\",\"target\":[\"https:\/\/ikonebeauty.ca\/appointment\/\"]}]},{\"@type\":\"BreadcrumbList\",\"@id\":\"https:\/\/ikonebeauty.ca\/appointment\/#breadcrumb\",\"itemListElement\":[{\"@type\":\"ListItem\",\"position\":1,\"name\":\"Home\",\"item\":\"https:\/\/ikonebeauty.ca\/\"},{\"@type\":\"ListItem\",\"position\":2,\"name\":\"prendre rendez-vous | iK\u00f4ne Beauty Gatineau\"}]},{\"@type\":\"WebSite\",\"@id\":\"https:\/\/ikonebeauty.ca\/#website\",\"url\":\"https:\/\/ikonebeauty.ca\/\",\"name\":\"ikonebeauty\",\"description\":\"\",\"publisher\":{\"@id\":\"https:\/\/ikonebeauty.ca\/#organization\"},\"potentialAction\":[{\"@type\":\"SearchAction\",\"target\":{\"@type\":\"EntryPoint\",\"urlTemplate\":\"https:\/\/ikonebeauty.ca\/?s={search_term_string}\"},\"query-input\":{\"@type\":\"PropertyValueSpecification\",\"valueRequired\":true,\"valueName\":\"search_term_string\"}}],\"inLanguage\":\"fr-CA\"},{\"@type\":\"Organization\",\"@id\":\"https:\/\/ikonebeauty.ca\/#organization\",\"name\":\"ikonebeauty\",\"url\":\"https:\/\/ikonebeauty.ca\/\",\"logo\":{\"@type\":\"ImageObject\",\"inLanguage\":\"fr-CA\",\"@id\":\"https:\/\/ikonebeauty.ca\/#\/schema\/logo\/image\/\",\"url\":\"https:\/\/ikonebeauty.ca\/wp-content\/uploads\/2025\/11\/ikone-beauty-logo-02-scaled.png\",\"contentUrl\":\"https:\/\/ikonebeauty.ca\/wp-content\/uploads\/2025\/11\/ikone-beauty-logo-02-scaled.png\",\"width\":2560,\"height\":2560,\"caption\":\"ikonebeauty\"},\"image\":{\"@id\":\"https:\/\/ikonebeauty.ca\/#\/schema\/logo\/image\/\"}}]}<\/script>\n<!-- \/ Yoast SEO plugin. -->","yoast_head_json":{"title":"prendre rendez-vous | iK\u00f4ne Beauty Gatineau - ikonebeauty","description":"Pr\u00eate \u00e0 sculpter votre silhouette ? Il est facile de prendre rendez-vous chez iK\u00f4ne Beauty \u00e0 Gatineau. Choisissez votre soin et r\u00e9servez votre plage horaire !","robots":{"index":"index","follow":"follow","max-snippet":"max-snippet:-1","max-image-preview":"max-image-preview:large","max-video-preview":"max-video-preview:-1"},"canonical":"https:\/\/ikonebeauty.ca\/fr\/rendez-vous\/","og_locale":"fr_CA","og_type":"article","og_title":"prendre rendez-vous | iK\u00f4ne Beauty Gatineau - ikonebeauty","og_description":"Pr\u00eate \u00e0 sculpter votre silhouette ? Il est facile de prendre rendez-vous chez iK\u00f4ne Beauty \u00e0 Gatineau. Choisissez votre soin et r\u00e9servez votre plage horaire !","og_url":"https:\/\/ikonebeauty.ca\/fr\/rendez-vous\/","og_site_name":"ikonebeauty","article_modified_time":"2026-01-10T01:51:50+00:00","twitter_card":"summary_large_image","twitter_misc":{"Estimation du temps de lecture":"1 minute"},"schema":{"@context":"https:\/\/schema.org","@graph":[{"@type":"WebPage","@id":"https:\/\/ikonebeauty.ca\/appointment\/","url":"https:\/\/ikonebeauty.ca\/appointment\/","name":"prendre rendez-vous | iK\u00f4ne Beauty Gatineau - ikonebeauty","isPartOf":{"@id":"https:\/\/ikonebeauty.ca\/#website"},"datePublished":"2025-11-12T03:35:26+00:00","dateModified":"2026-01-10T01:51:50+00:00","description":"Pr\u00eate \u00e0 sculpter votre silhouette ? Il est facile de prendre rendez-vous chez iK\u00f4ne Beauty \u00e0 Gatineau. Choisissez votre soin et r\u00e9servez votre plage horaire !","breadcrumb":{"@id":"https:\/\/ikonebeauty.ca\/appointment\/#breadcrumb"},"inLanguage":"fr-CA","potentialAction":[{"@type":"ReadAction","target":["https:\/\/ikonebeauty.ca\/appointment\/"]}]},{"@type":"BreadcrumbList","@id":"https:\/\/ikonebeauty.ca\/appointment\/#breadcrumb","itemListElement":[{"@type":"ListItem","position":1,"name":"Home","item":"https:\/\/ikonebeauty.ca\/"},{"@type":"ListItem","position":2,"name":"prendre rendez-vous | iK\u00f4ne Beauty Gatineau"}]},{"@type":"WebSite","@id":"https:\/\/ikonebeauty.ca\/#website","url":"https:\/\/ikonebeauty.ca\/","name":"ikonebeauty","description":"","publisher":{"@id":"https:\/\/ikonebeauty.ca\/#organization"},"potentialAction":[{"@type":"SearchAction","target":{"@type":"EntryPoint","urlTemplate":"https:\/\/ikonebeauty.ca\/?s={search_term_string}"},"query-input":{"@type":"PropertyValueSpecification","valueRequired":true,"valueName":"search_term_string"}}],"inLanguage":"fr-CA"},{"@type":"Organization","@id":"https:\/\/ikonebeauty.ca\/#organization","name":"ikonebeauty","url":"https:\/\/ikonebeauty.ca\/","logo":{"@type":"ImageObject","inLanguage":"fr-CA","@id":"https:\/\/ikonebeauty.ca\/#\/schema\/logo\/image\/","url":"https:\/\/ikonebeauty.ca\/wp-content\/uploads\/2025\/11\/ikone-beauty-logo-02-scaled.png","contentUrl":"https:\/\/ikonebeauty.ca\/wp-content\/uploads\/2025\/11\/ikone-beauty-logo-02-scaled.png","width":2560,"height":2560,"caption":"ikonebeauty"},"image":{"@id":"https:\/\/ikonebeauty.ca\/#\/schema\/logo\/image\/"}}]}},"_links":{"self":[{"href":"https:\/\/ikonebeauty.ca\/fr\/wp-json\/wp\/v2\/pages\/202","targetHints":{"allow":["GET"]}}],"collection":[{"href":"https:\/\/ikonebeauty.ca\/fr\/wp-json\/wp\/v2\/pages"}],"about":[{"href":"https:\/\/ikonebeauty.ca\/fr\/wp-json\/wp\/v2\/types\/page"}],"author":[{"embeddable":true,"href":"https:\/\/ikonebeauty.ca\/fr\/wp-json\/wp\/v2\/users\/1"}],"replies":[{"embeddable":true,"href":"https:\/\/ikonebeauty.ca\/fr\/wp-json\/wp\/v2\/comments?post=202"}],"version-history":[{"count":80,"href":"https:\/\/ikonebeauty.ca\/fr\/wp-json\/wp\/v2\/pages\/202\/revisions"}],"predecessor-version":[{"id":1117,"href":"https:\/\/ikonebeauty.ca\/fr\/wp-json\/wp\/v2\/pages\/202\/revisions\/1117"}],"wp:attachment":[{"href":"https:\/\/ikonebeauty.ca\/fr\/wp-json\/wp\/v2\/media?parent=202"}],"curies":[{"name":"wp","href":"https:\/\/api.w.org\/{rel}","templated":true}]}}